{"id":22006,"date":"2025-03-11T10:19:19","date_gmt":"2025-03-11T09:19:19","guid":{"rendered":"https:\/\/www.fiorenzato.com\/?page_id=22006"},"modified":"2026-02-27T12:19:39","modified_gmt":"2026-02-27T11:19:39","slug":"segnalazioni-whistleblowing","status":"publish","type":"page","link":"https:\/\/www.fiorenzato.com\/it\/segnalazioni-whistleblowing\/","title":{"rendered":"Segnalazioni Whistleblowing"},"content":{"rendered":"<p>La piattaforma digitale consente a chiunque (dipendenti e collaboratori, fornitori e qualsiasi altro soggetto che abbia avuto od intenda avere rapporti d\u2019affari con la Societ\u00e0) di segnalare \u2013 attraverso un percorso guidato on-line \u2013 ipotesi di condotte illecite o irregolarit\u00e0, violazioni di norme, violazioni del Modello 231, violazioni del Codice Etico, violazioni della Policy Anticorruzione e comunque violazioni di procedure e disposizioni aziendali in genere.<\/p>\n<p>La piattaforma \u00e8 gestita da un soggetto specializzato, terzo e indipendente. Il sistema consente l\u2019invio di segnalazioni senza l\u2019obbligo di registrarsi n\u00e9 di dichiarare le proprie generalit\u00e0. Qualora il Segnalante scelga di indicare le proprie generalit\u00e0, ne \u00e8 garantita la riservatezza.<\/p>\n<h6><strong>Procedura:<\/strong><\/h6>\n<p><a href=\"https:\/\/www.fiorenzato.com\/wp-content\/uploads\/2025\/03\/Procedura-Whistleblowing-Fiorenzato.pdf\" target=\"_blank\" rel=\"noopener\">Scarica la Whistleblowing Policy<\/a><\/p>\n<h6><strong>Segnalazioni:<\/strong><\/h6>\n<p><a href=\"https:\/\/wb.ostisistemi.it\/segnalazione\/c198a8f0-b9e9-11ee-9624-f74178bd4395\/crea\" target=\"_blank\" rel=\"noopener\">Fai una segnalazione<\/a><\/p>\n","protected":false},"excerpt":{"rendered":"<p>La piattaforma digitale consente a chiunque (dipendenti e collaboratori, fornitori e qualsiasi altro soggetto che abbia avuto od intenda avere rapporti d\u2019affari con la Societ\u00e0) di segnalare \u2013 attraverso un percorso guidato on-line \u2013 ipotesi [&hellip;]<\/p>\n","protected":false},"author":1,"featured_media":233,"parent":0,"menu_order":0,"comment_status":"closed","ping_status":"closed","template":"","meta":{"_acf_changed":false,"footnotes":""},"class_list":["post-22006","page","type-page","status-publish","has-post-thumbnail","hentry"],"acf":[],"yoast_head":"<!-- This site is optimized with the Yoast SEO plugin v26.2 - https:\/\/yoast.com\/wordpress\/plugins\/seo\/ -->\n<title>Segnalazioni Whistleblowing | Fiorenzato<\/title>\n<meta name=\"robots\" content=\"index, follow, max-snippet:-1, max-image-preview:large, max-video-preview:-1\" \/>\n<link rel=\"canonical\" href=\"https:\/\/www.fiorenzato.com\/it\/segnalazioni-whistleblowing\/\" \/>\n<meta property=\"og:locale\" content=\"it_IT\" \/>\n<meta property=\"og:type\" content=\"article\" \/>\n<meta property=\"og:title\" content=\"Segnalazioni Whistleblowing | Fiorenzato\" \/>\n<meta property=\"og:description\" content=\"La piattaforma digitale consente a chiunque (dipendenti e collaboratori, fornitori e qualsiasi altro soggetto che abbia avuto od intenda avere rapporti d\u2019affari con la Societ\u00e0) di segnalare \u2013 attraverso un percorso guidato on-line \u2013 ipotesi [&hellip;]\" \/>\n<meta property=\"og:url\" content=\"https:\/\/www.fiorenzato.com\/it\/segnalazioni-whistleblowing\/\" \/>\n<meta property=\"og:site_name\" content=\"Fiorenzato\" \/>\n<meta property=\"article:publisher\" content=\"https:\/\/www.facebook.com\/Fiorenzatogrinders\/\" \/>\n<meta property=\"article:modified_time\" content=\"2026-02-27T11:19:39+00:00\" \/>\n<meta property=\"og:image\" content=\"https:\/\/www.fiorenzato.com\/wp-content\/uploads\/2020\/10\/policy_cover-1.jpg\" \/>\n\t<meta property=\"og:image:width\" content=\"1280\" \/>\n\t<meta property=\"og:image:height\" content=\"413\" \/>\n\t<meta property=\"og:image:type\" content=\"image\/jpeg\" \/>\n<meta name=\"twitter:card\" content=\"summary_large_image\" \/>\n<meta name=\"twitter:label1\" content=\"Tempo di lettura stimato\" \/>\n\t<meta name=\"twitter:data1\" content=\"1 minuto\" \/>\n<script type=\"application\/ld+json\" class=\"yoast-schema-graph\">{\"@context\":\"https:\/\/schema.org\",\"@graph\":[{\"@type\":\"WebPage\",\"@id\":\"https:\/\/www.fiorenzato.com\/it\/segnalazioni-whistleblowing\/\",\"url\":\"https:\/\/www.fiorenzato.com\/it\/segnalazioni-whistleblowing\/\",\"name\":\"Segnalazioni Whistleblowing | Fiorenzato\",\"isPartOf\":{\"@id\":\"https:\/\/www.fiorenzato.com\/it\/#website\"},\"primaryImageOfPage\":{\"@id\":\"https:\/\/www.fiorenzato.com\/it\/segnalazioni-whistleblowing\/#primaryimage\"},\"image\":{\"@id\":\"https:\/\/www.fiorenzato.com\/it\/segnalazioni-whistleblowing\/#primaryimage\"},\"thumbnailUrl\":\"https:\/\/www.fiorenzato.com\/wp-content\/uploads\/2020\/10\/policy_cover-1.jpg\",\"datePublished\":\"2025-03-11T09:19:19+00:00\",\"dateModified\":\"2026-02-27T11:19:39+00:00\",\"breadcrumb\":{\"@id\":\"https:\/\/www.fiorenzato.com\/it\/segnalazioni-whistleblowing\/#breadcrumb\"},\"inLanguage\":\"it-IT\",\"potentialAction\":[{\"@type\":\"ReadAction\",\"target\":[\"https:\/\/www.fiorenzato.com\/it\/segnalazioni-whistleblowing\/\"]}]},{\"@type\":\"ImageObject\",\"inLanguage\":\"it-IT\",\"@id\":\"https:\/\/www.fiorenzato.com\/it\/segnalazioni-whistleblowing\/#primaryimage\",\"url\":\"https:\/\/www.fiorenzato.com\/wp-content\/uploads\/2020\/10\/policy_cover-1.jpg\",\"contentUrl\":\"https:\/\/www.fiorenzato.com\/wp-content\/uploads\/2020\/10\/policy_cover-1.jpg\",\"width\":1280,\"height\":413},{\"@type\":\"BreadcrumbList\",\"@id\":\"https:\/\/www.fiorenzato.com\/it\/segnalazioni-whistleblowing\/#breadcrumb\",\"itemListElement\":[{\"@type\":\"ListItem\",\"position\":1,\"name\":\"Home\",\"item\":\"https:\/\/www.fiorenzato.com\/it\/\"},{\"@type\":\"ListItem\",\"position\":2,\"name\":\"Segnalazioni Whistleblowing\"}]},{\"@type\":\"WebSite\",\"@id\":\"https:\/\/www.fiorenzato.com\/it\/#website\",\"url\":\"https:\/\/www.fiorenzato.com\/it\/\",\"name\":\"Fiorenzato\",\"description\":\"La passione per i prodotti incontra l'amore per il caff\u00e8\",\"publisher\":{\"@id\":\"https:\/\/www.fiorenzato.com\/it\/#organization\"},\"potentialAction\":[{\"@type\":\"SearchAction\",\"target\":{\"@type\":\"EntryPoint\",\"urlTemplate\":\"https:\/\/www.fiorenzato.com\/it\/?s={search_term_string}\"},\"query-input\":{\"@type\":\"PropertyValueSpecification\",\"valueRequired\":true,\"valueName\":\"search_term_string\"}}],\"inLanguage\":\"it-IT\"},{\"@type\":\"Organization\",\"@id\":\"https:\/\/www.fiorenzato.com\/it\/#organization\",\"name\":\"Fiorenzato\",\"url\":\"https:\/\/www.fiorenzato.com\/it\/\",\"logo\":{\"@type\":\"ImageObject\",\"inLanguage\":\"it-IT\",\"@id\":\"https:\/\/www.fiorenzato.com\/it\/#\/schema\/logo\/image\/\",\"url\":\"https:\/\/www.fiorenzato.com\/wp-content\/uploads\/2022\/11\/FIOfiorenzato-logo-colore@4x.png\",\"contentUrl\":\"https:\/\/www.fiorenzato.com\/wp-content\/uploads\/2022\/11\/FIOfiorenzato-logo-colore@4x.png\",\"width\":3645,\"height\":965,\"caption\":\"Fiorenzato\"},\"image\":{\"@id\":\"https:\/\/www.fiorenzato.com\/it\/#\/schema\/logo\/image\/\"},\"sameAs\":[\"https:\/\/www.facebook.com\/Fiorenzatogrinders\/\",\"https:\/\/www.instagram.com\/fiorenzato_official\/?hl=it\",\"https:\/\/www.youtube.com\/channel\/UCl0CEwtHIri2QIjLQTVklJw\"]}]}<\/script>\n<!-- \/ Yoast SEO plugin. -->","yoast_head_json":{"title":"Segnalazioni Whistleblowing | Fiorenzato","robots":{"index":"index","follow":"follow","max-snippet":"max-snippet:-1","max-image-preview":"max-image-preview:large","max-video-preview":"max-video-preview:-1"},"canonical":"https:\/\/www.fiorenzato.com\/it\/segnalazioni-whistleblowing\/","og_locale":"it_IT","og_type":"article","og_title":"Segnalazioni Whistleblowing | Fiorenzato","og_description":"La piattaforma digitale consente a chiunque (dipendenti e collaboratori, fornitori e qualsiasi altro soggetto che abbia avuto od intenda avere rapporti d\u2019affari con la Societ\u00e0) di segnalare \u2013 attraverso un percorso guidato on-line \u2013 ipotesi [&hellip;]","og_url":"https:\/\/www.fiorenzato.com\/it\/segnalazioni-whistleblowing\/","og_site_name":"Fiorenzato","article_publisher":"https:\/\/www.facebook.com\/Fiorenzatogrinders\/","article_modified_time":"2026-02-27T11:19:39+00:00","og_image":[{"width":1280,"height":413,"url":"https:\/\/www.fiorenzato.com\/wp-content\/uploads\/2020\/10\/policy_cover-1.jpg","type":"image\/jpeg"}],"twitter_card":"summary_large_image","twitter_misc":{"Tempo di lettura stimato":"1 minuto"},"schema":{"@context":"https:\/\/schema.org","@graph":[{"@type":"WebPage","@id":"https:\/\/www.fiorenzato.com\/it\/segnalazioni-whistleblowing\/","url":"https:\/\/www.fiorenzato.com\/it\/segnalazioni-whistleblowing\/","name":"Segnalazioni Whistleblowing | Fiorenzato","isPartOf":{"@id":"https:\/\/www.fiorenzato.com\/it\/#website"},"primaryImageOfPage":{"@id":"https:\/\/www.fiorenzato.com\/it\/segnalazioni-whistleblowing\/#primaryimage"},"image":{"@id":"https:\/\/www.fiorenzato.com\/it\/segnalazioni-whistleblowing\/#primaryimage"},"thumbnailUrl":"https:\/\/www.fiorenzato.com\/wp-content\/uploads\/2020\/10\/policy_cover-1.jpg","datePublished":"2025-03-11T09:19:19+00:00","dateModified":"2026-02-27T11:19:39+00:00","breadcrumb":{"@id":"https:\/\/www.fiorenzato.com\/it\/segnalazioni-whistleblowing\/#breadcrumb"},"inLanguage":"it-IT","potentialAction":[{"@type":"ReadAction","target":["https:\/\/www.fiorenzato.com\/it\/segnalazioni-whistleblowing\/"]}]},{"@type":"ImageObject","inLanguage":"it-IT","@id":"https:\/\/www.fiorenzato.com\/it\/segnalazioni-whistleblowing\/#primaryimage","url":"https:\/\/www.fiorenzato.com\/wp-content\/uploads\/2020\/10\/policy_cover-1.jpg","contentUrl":"https:\/\/www.fiorenzato.com\/wp-content\/uploads\/2020\/10\/policy_cover-1.jpg","width":1280,"height":413},{"@type":"BreadcrumbList","@id":"https:\/\/www.fiorenzato.com\/it\/segnalazioni-whistleblowing\/#breadcrumb","itemListElement":[{"@type":"ListItem","position":1,"name":"Home","item":"https:\/\/www.fiorenzato.com\/it\/"},{"@type":"ListItem","position":2,"name":"Segnalazioni Whistleblowing"}]},{"@type":"WebSite","@id":"https:\/\/www.fiorenzato.com\/it\/#website","url":"https:\/\/www.fiorenzato.com\/it\/","name":"Fiorenzato","description":"La passione per i prodotti incontra l'amore per il caff\u00e8","publisher":{"@id":"https:\/\/www.fiorenzato.com\/it\/#organization"},"potentialAction":[{"@type":"SearchAction","target":{"@type":"EntryPoint","urlTemplate":"https:\/\/www.fiorenzato.com\/it\/?s={search_term_string}"},"query-input":{"@type":"PropertyValueSpecification","valueRequired":true,"valueName":"search_term_string"}}],"inLanguage":"it-IT"},{"@type":"Organization","@id":"https:\/\/www.fiorenzato.com\/it\/#organization","name":"Fiorenzato","url":"https:\/\/www.fiorenzato.com\/it\/","logo":{"@type":"ImageObject","inLanguage":"it-IT","@id":"https:\/\/www.fiorenzato.com\/it\/#\/schema\/logo\/image\/","url":"https:\/\/www.fiorenzato.com\/wp-content\/uploads\/2022\/11\/FIOfiorenzato-logo-colore@4x.png","contentUrl":"https:\/\/www.fiorenzato.com\/wp-content\/uploads\/2022\/11\/FIOfiorenzato-logo-colore@4x.png","width":3645,"height":965,"caption":"Fiorenzato"},"image":{"@id":"https:\/\/www.fiorenzato.com\/it\/#\/schema\/logo\/image\/"},"sameAs":["https:\/\/www.facebook.com\/Fiorenzatogrinders\/","https:\/\/www.instagram.com\/fiorenzato_official\/?hl=it","https:\/\/www.youtube.com\/channel\/UCl0CEwtHIri2QIjLQTVklJw"]}]}},"_links":{"self":[{"href":"https:\/\/www.fiorenzato.com\/it\/wp-json\/wp\/v2\/pages\/22006","targetHints":{"allow":["GET"]}}],"collection":[{"href":"https:\/\/www.fiorenzato.com\/it\/wp-json\/wp\/v2\/pages"}],"about":[{"href":"https:\/\/www.fiorenzato.com\/it\/wp-json\/wp\/v2\/types\/page"}],"author":[{"embeddable":true,"href":"https:\/\/www.fiorenzato.com\/it\/wp-json\/wp\/v2\/users\/1"}],"replies":[{"embeddable":true,"href":"https:\/\/www.fiorenzato.com\/it\/wp-json\/wp\/v2\/comments?post=22006"}],"version-history":[{"count":10,"href":"https:\/\/www.fiorenzato.com\/it\/wp-json\/wp\/v2\/pages\/22006\/revisions"}],"predecessor-version":[{"id":25554,"href":"https:\/\/www.fiorenzato.com\/it\/wp-json\/wp\/v2\/pages\/22006\/revisions\/25554"}],"wp:featuredmedia":[{"embeddable":true,"href":"https:\/\/www.fiorenzato.com\/it\/wp-json\/wp\/v2\/media\/233"}],"wp:attachment":[{"href":"https:\/\/www.fiorenzato.com\/it\/wp-json\/wp\/v2\/media?parent=22006"}],"curies":[{"name":"wp","href":"https:\/\/api.w.org\/{rel}","templated":true}]}}