{"id":239,"date":"2020-10-14T10:01:55","date_gmt":"2020-10-14T08:01:55","guid":{"rendered":"https:\/\/www.dev-fiorenzato-20.bebit.it\/?page_id=239"},"modified":"2020-10-28T12:09:52","modified_gmt":"2020-10-28T11:09:52","slug":"cookie-policy","status":"publish","type":"page","link":"https:\/\/www.fiorenzato.com\/it\/cookie-policy\/","title":{"rendered":"Cookie policy"},"content":{"rendered":"\n<p>I Cookie sono costituiti da porzioni di codice installate all\u2019interno del browser che assistono il Titolare nell\u2019erogazione del Servizio in base alle finalit\u00e0 descritte. Alcune delle finalit\u00e0 di installazione dei Cookie potrebbero, inoltre, necessitare del consenso dell\u2019Utente.<\/p>\n\n\n\n<p>Quando l\u2019installazione di Cookies avviene sulla base del consenso, tale consenso pu\u00f2 essere revocato liberamente in ogni momento seguendo le istruzioni contenute in questo documento.<\/p>\n\n\n\n<h3 class=\"wp-block-heading\"><strong>Cookie tecnici e di statistica aggregata<\/strong><\/h3>\n\n\n\n<p><strong>Attivit\u00e0 strettamente necessarie al funzionamento<\/strong><\/p>\n\n\n\n<p>Questo Sito Web utilizza Cookie per salvare la sessione dell\u2019Utente e per svolgere altre attivit\u00e0 strettamente necessarie al funzionamento di questo Sito Web, ad esempio in relazione alla distribuzione del traffico.<\/p>\n\n\n\n<p><strong>Attivit\u00e0 di salvataggio delle preferenze, ottimizzazione e statistica<\/strong><\/p>\n\n\n\n<p>Questo Sito Web utilizza Cookie per salvare le preferenze di navigazione ed ottimizzare l\u2019esperienza di navigazione dell\u2019Utente. Fra questi Cookie rientrano, ad esempio, quelli per impostare la lingua e la valuta o per la gestione di statistiche da parte del Titolare del sito.<\/p>\n\n\n\n<h3 class=\"wp-block-heading\"><strong>Altre tipologie di Cookie o strumenti terzi che potrebbero installarne<\/strong><\/h3>\n\n\n\n<p>Alcuni dei servizi elencati di seguito raccolgono statistiche in forma aggregata ed anonima e potrebbero non richiedere il consenso dell\u2019Utente o potrebbero essere gestiti direttamente dal Titolare \u2013 a seconda di quanto descritto \u2013 senza l\u2019ausilio di terzi.<\/p>\n\n\n\n<p>Qualora fra gli strumenti indicati in seguito fossero presenti servizi gestiti da terzi, questi potrebbero \u2013 in aggiunta a quanto specificato ed anche all\u2019insaputa del Titolare \u2013 compiere attivit\u00e0 di tracciamento dell\u2019Utente. Per informazioni dettagliate in merito, si consiglia di consultare le privacy policy dei servizi elencati.<\/p>\n\n\n\n<ul class=\"wp-block-list\"><li><strong>Hosting ed infrastruttura backend<\/strong><\/li><\/ul>\n\n\n\n<p>Questo tipo di servizi ha la funzione di ospitare Dati e file che permettono a questo Sito Web di funzionare, ne consentono la distribuzione e mettono a disposizione un\u2019infrastruttura pronta all\u2019uso per erogare specifiche funzionalit\u00e0 di questo Sito Web.<\/p>\n\n\n\n<p>Alcuni di questi servizi funzionano attraverso server dislocati geograficamente in luoghi differenti, rendendo difficile la determinazione del luogo esatto in cui vengono conservati i Dati Personali.<\/p>\n\n\n\n<ul class=\"wp-block-list\"><li><strong>Servizi di piattaforma e hosting<\/strong><\/li><\/ul>\n\n\n\n<p>Questi servizi hanno lo scopo di ospitare e far funzionare componenti chiave di questo Sito Web, rendendo possibile l\u2019erogazione di questo Sito Web da un\u2019unica piattaforma. Queste piattaforme forniscono al Titolare un\u2019ampia gamma di strumenti quali, ad esempio, strumenti analitici, per la gestione della registrazione degli utenti, per la gestione dei commenti e del database, per il commercio elettronico, per l\u2019elaborazione dei pagamenti etc. L\u2019uso di tali strumenti comporta la raccolta e il trattamento di Dati Personali. Alcuni di questi servizi funzionano attraverso server dislocati geograficamente in luoghi differenti, rendendo difficile la determinazione del luogo esatto in cui vengono conservati i Dati Personali.<\/p>\n\n\n\n<ul class=\"wp-block-list\"><li><strong>Statistica<\/strong><\/li><\/ul>\n\n\n\n<p>I servizi contenuti nella presente sezione permettono al Titolare del Trattamento di monitorare e analizzare i dati di traffico e servono a tener traccia del comportamento dell\u2019Utente.<\/p>\n\n\n\n<p><strong><em>Google Analytics (Google Inc.)&nbsp;<\/em><\/strong><\/p>\n\n\n\n<p>Google Analytics \u00e8 un servizio di analisi web fornito da Google Inc. (\u201cGoogle\u201d). Google utilizza i Dati Personali raccolti allo scopo di tracciare ed esaminare l\u2019utilizzo di questo Sito Web, compilare report e condividerli con gli altri servizi sviluppati da Google.<\/p>\n\n\n\n<p>Google potrebbe utilizzare i Dati Personali per contestualizzare e personalizzare gli annunci del proprio network pubblicitario.<\/p>\n\n\n\n<p>Dati Personali raccolti: Cookie e Dati di utilizzo.<\/p>\n\n\n\n<p>Luogo del trattamento: Stati Uniti \u2013 <a href=\"https:\/\/www.google.com\/intl\/it\/policies\/privacy\/\">Privacy policy<\/a>. Soggetto aderente al Privacy Shield.<\/p>\n\n\n\n<ul class=\"wp-block-list\"><li><strong>Visualizzazione di contenuti da piattaforme esterne<\/strong><\/li><\/ul>\n\n\n\n<p>Questo tipo di servizi permette di visualizzare contenuti ospitati su piattaforme esterne direttamente dalle pagine di questo Sito Web e di interagire con essi.<\/p>\n\n\n\n<p>Nel caso in cui sia installato un servizio di questo tipo, \u00e8 possibile che, anche nel caso gli Utenti non utilizzino il servizio, lo stesso raccolga dati di traffico relativi alle pagine in cui \u00e8 installato.<\/p>\n\n\n\n<p><strong><em>Google Fonts (Google Inc.)<\/em><\/strong><\/p>\n\n\n\n<p>Google Fonts \u00e8 un servizio di visualizzazione di stili di carattere gestito da Google Inc. che permette a questo Sito Web di integrare tali contenuti all\u2019interno delle proprie pagine.<\/p>\n\n\n\n<p>Dati Personali raccolti: Dati di utilizzo e varie tipologie di Dati secondo quanto specificato dalla privacy policy del servizio.<\/p>\n\n\n\n<p>Luogo del trattamento: Stati Uniti \u2013 <a href=\"https:\/\/www.google.it\/intl\/policies\/privacy\/\">Privacy Policy<\/a>. Soggetto aderente al Privacy Shield.<\/p>\n\n\n\n<p><strong><em>Widget Google Maps (Google Inc.)<\/em><\/strong><\/p>\n\n\n\n<p>Google Maps \u00e8 un servizio di visualizzazione di mappe gestito da Google Inc. che permette a questo Sito Web di integrare tali contenuti all\u2019interno delle proprie pagine.<\/p>\n\n\n\n<p>Dati Personali raccolti: Cookie e Dati di utilizzo.<\/p>\n\n\n\n<p>Luogo del trattamento: Stati Uniti \u2013 <a href=\"https:\/\/www.google.it\/intl\/it\/policies\/privacy\/\">Privacy Policy<\/a>. Soggetto aderente al Privacy Shield.<\/p>\n\n\n\n<h3 class=\"wp-block-heading\"><strong>Come posso esprimere il consenso all\u2019installazione di Cookie?<\/strong><\/h3>\n\n\n\n<p>In aggiunta a quanto indicato in questo documento, l\u2019Utente pu\u00f2 gestire le preferenze relative ai Cookie direttamente all\u2019interno del proprio browser ed impedire \u2013 ad esempio \u2013 che terze parti possano installarne. Tramite le preferenze del browser \u00e8 inoltre possibile eliminare i Cookie installati in passato, incluso il Cookie in cui venga eventualmente salvato il consenso all\u2019installazione di Cookie da parte di questo sito. L\u2019Utente pu\u00f2 trovare informazioni su come gestire i Cookie con alcuni dei browser pi\u00f9 diffusi ad esempio ai seguenti indirizzi: <a href=\"https:\/\/support.google.com\/chrome\/answer\/95647?hl=it&amp;p=cpn_cookies\">Google Chrome<\/a>, <a href=\"https:\/\/support.mozilla.org\/it\/kb\/Attivare%20e%20disattivare%20i%20cookie\">Mozilla Firefox<\/a>, <a href=\"https:\/\/support.apple.com\/kb\/Ph31411\">Apple Safari<\/a> e <a href=\"http:\/\/windows.microsoft.com\/it-it\/windows-vista\/block-or-allow-cookies\">Microsoft Internet Explorer<\/a>.<\/p>\n\n\n\n<p>Con riferimento a Cookie installati da terze parti, l\u2019Utente pu\u00f2 inoltre gestire le proprie impostazioni e revocare il consenso visitando il relativo link di opt out (qualora disponibile), utilizzando gli strumenti descritti nella privacy policy della terza parte o contattando direttamente la stessa.<\/p>\n\n\n\n<p>Fermo restando quanto precede, l\u2019Utente pu\u00f2 avvalersi delle informazioni fornite da <a href=\"http:\/\/www.youronlinechoices.eu\/\">EDAA<\/a> (UE), <a href=\"https:\/\/www.networkadvertising.org\/understanding-digital-advertising\">Network Advertising Initiative<\/a> (USA) e <a href=\"https:\/\/www.aboutads.info\/consumers\/\">Digital Advertising Alliance<\/a> (USA), <a href=\"https:\/\/youradchoices.ca\/understanding-online-advertising\/\">DAAC<\/a> (Canada), <a href=\"http:\/\/www.ddai.info\/optout\">DDAI<\/a> (Giappone) o altri servizi analoghi. Con questi servizi \u00e8 possibile gestire le preferenze di tracciamento della maggior parte degli strumenti pubblicitari. Il Titolare, pertanto, consiglia agli Utenti di utilizzare tali risorse in aggiunta alle informazioni fornite dal presente documento.<\/p>\n\n\n\n<h3 class=\"wp-block-heading\"><strong>Titolare del Trattamento dei Dati<\/strong><\/h3>\n\n\n\n<p><strong>Fiorenzato M.C. s.r.l.<\/strong> \u2013 Via Piana Giovanni Antonio, 6 \u2013 20155 Milano \u2013 ITALY<\/p>\n\n\n\n<p>Indirizzo email del Titolare: info@fiorenzato.it.<\/p>\n\n\n\n<p>Dal momento che l\u2019installazione di Cookie e di altri sistemi di tracciamento operata da terze parti tramite i servizi utilizzati all\u2019interno di questo Sito Web non pu\u00f2 essere tecnicamente controllata dal Titolare, ogni riferimento specifico a Cookie e sistemi di tracciamento installati da terze parti \u00e8 da considerarsi indicativo. Per ottenere informazioni complete, l\u2019Utente \u00e8 invitato a consultare la privacy policy degli eventuali servizi terzi elencati in questo documento.<\/p>\n\n\n\n<p>Vista l\u2019oggettiva complessit\u00e0 di identificazione delle tecnologie basate sui Cookie l\u2019Utente \u00e8 invitato a contattare il Titolare qualora volesse ricevere qualunque approfondimento relativo all\u2019utilizzo dei Cookie stessi tramite questo Sito Web.<\/p>\n\n\n\n<h3 class=\"wp-block-heading\"><strong>Definizioni e riferimenti legali<\/strong><\/h3>\n\n\n\n<p><strong>Dati Personali (o Dati)<\/strong><\/p>\n\n\n\n<p>Costituisce dato personale qualunque informazione che, direttamente o indirettamente, anche in collegamento con qualsiasi altra informazione, ivi compreso un numero di identificazione personale, renda identificata o identificabile una persona fisica.<\/p>\n\n\n\n<p><strong>Dati di Utilizzo<\/strong><\/p>\n\n\n\n<p>Sono le informazioni raccolte automaticamente attraverso questo Sito Web (anche da applicazioni di parti terze integrate in questo Sito Web), tra cui: gli indirizzi IP o i nomi a dominio dei computer utilizzati dall\u2019Utente che si connette con questo Sito Web, gli indirizzi in notazione URI (Uniform Resource Identifier), l\u2019orario della richiesta, il metodo utilizzato nell\u2019inoltrare la richiesta al server, la dimensione del file ottenuto in risposta, il codice numerico indicante lo stato della risposta dal server (buon fine, errore, ecc.) il paese di provenienza, le caratteristiche del browser e del sistema operativo utilizzati dal visitatore, le varie connotazioni temporali della visita (ad esempio il tempo di permanenza su ciascuna pagina) e i dettagli relativi all\u2019itinerario seguito all\u2019interno dell\u2019Applicazione, con particolare riferimento alla sequenza delle pagine consultate, ai parametri relativi al sistema operativo e all\u2019ambiente informatico dell\u2019Utente.<\/p>\n\n\n\n<p><strong>Utente<\/strong><\/p>\n\n\n\n<p>L\u2019individuo che utilizza questo Sito Web che, salvo ove diversamente specificato, coincide con l\u2019Interessato.<\/p>\n\n\n\n<p><strong>Interessato<\/strong><\/p>\n\n\n\n<p>La persona fisica cui si riferiscono i Dati Personali.<\/p>\n\n\n\n<p><strong>Responsabile del Trattamento (o Responsabile)<\/strong><\/p>\n\n\n\n<p>La persona fisica, giuridica, la pubblica amministrazione e qualsiasi altro ente che tratta dati personali per conto del Titolare, secondo quanto esposto nella presente privacy policy.<\/p>\n\n\n\n<p><strong>Titolare del Trattamento (o Titolare)<\/strong><\/p>\n\n\n\n<p>La persona fisica o giuridica, l\u2019autorit\u00e0 pubblica, il servizio o altro organismo che, singolarmente o insieme ad altri, determina le finalit\u00e0 e i mezzi del trattamento di dati personali e gli strumenti adottati, ivi comprese le misure di sicurezza relative al funzionamento ed alla fruizione di questo Sito Web. Il Titolare del Trattamento, salvo quanto diversamente specificato, \u00e8 il titolare di questo Sito Web.<\/p>\n\n\n\n<p><strong>Questo Sito Web (o questa Applicazione)&nbsp;<\/strong><\/p>\n\n\n\n<p>Lo strumento hardware o software mediante il quale sono raccolti e trattati i Dati Personali degli Utenti.<\/p>\n\n\n\n<p><strong>Servizio<\/strong><\/p>\n\n\n\n<p>Il Servizio fornito da questo Sito Web cos\u00ec come definito nei relativi termini (se presenti) su questo sito\/applicazione.<\/p>\n\n\n\n<p><strong>Unione Europea (o UE)<\/strong><\/p>\n\n\n\n<p>Salvo ove diversamente specificato, ogni riferimento all\u2019Unione Europea contenuto in questo documento si intende esteso a tutti gli attuali stati membri dell\u2019Unione Europea e dello Spazio Economico Europeo.<\/p>\n\n\n\n<p><strong>Cookie<\/strong><\/p>\n\n\n\n<p>Piccola porzione di dati conservata all\u2019interno del dispositivo dell\u2019Utente.<\/p>\n\n\n\n<p><strong>Cookie presenti in questo sito:<\/strong><\/p>\n\n\n\n<ul class=\"wp-block-list\"><li>_ga\u00a0 \u00a0 \u00a0 \u00a0 \u00a0 \u00a0 Questo cookie, gestito da Google Analytics, raccoglie le informazioni sulle modalit\u00e0 di utilizzo del nostro sito da parte degli utenti.<\/li><li>NID\u00a0 \u00a0 \u00a0 \u00a0 \u00a0 \u00a0 Questo cookie \u00e8 impostato da DoubleClick (che \u00e8 di propriet\u00e0 di Google) per aiutarti a costruire un profilo dei tuoi interessi e mostrarti annunci pertinenti su altri siti.\u00a0<\/li><li>_ga_PVSPGCGHL3 Questo cookie, gestito da Google Analytics, raccoglie le informazioni sulle modalit\u00e0 di utilizzo del nostro sito da parte degli utenti.<\/li><li>cookielawinfo-checkbox-necessary\u00a0 Questo cookie viene utilizzato per la visualizzazione della barra dei cookie.<\/li><li>cookielawinfo-checkbox-non-necessary\u00a0 Questo cookie viene utilizzato per la visualizzazione della barra dei cookie.<\/li><\/ul>\n","protected":false},"excerpt":{"rendered":"<p>I Cookie sono costituiti da porzioni di codice installate all\u2019interno del browser che assistono il Titolare nell\u2019erogazione del Servizio in base alle finalit\u00e0 descritte. Alcune delle finalit\u00e0 di installazione dei Cookie potrebbero, inoltre, necessitare del [&hellip;]<\/p>\n","protected":false},"author":1,"featured_media":233,"parent":0,"menu_order":0,"comment_status":"closed","ping_status":"closed","template":"","meta":{"_acf_changed":false,"footnotes":""},"class_list":["post-239","page","type-page","status-publish","has-post-thumbnail","hentry"],"acf":[],"yoast_head":"<!-- This site is optimized with the Yoast SEO plugin v26.2 - https:\/\/yoast.com\/wordpress\/plugins\/seo\/ -->\n<title>Cookie Policy | Fiorenzato<\/title>\n<meta name=\"robots\" content=\"index, follow, max-snippet:-1, max-image-preview:large, max-video-preview:-1\" \/>\n<link rel=\"canonical\" href=\"https:\/\/www.fiorenzato.com\/it\/cookie-policy\/\" \/>\n<meta property=\"og:locale\" content=\"it_IT\" \/>\n<meta property=\"og:type\" content=\"article\" \/>\n<meta property=\"og:title\" content=\"Cookie Policy | Fiorenzato\" \/>\n<meta property=\"og:description\" content=\"I Cookie sono costituiti da porzioni di codice installate all\u2019interno del browser che assistono il Titolare nell\u2019erogazione del Servizio in base alle finalit\u00e0 descritte. Alcune delle finalit\u00e0 di installazione dei Cookie potrebbero, inoltre, necessitare del [&hellip;]\" \/>\n<meta property=\"og:url\" content=\"https:\/\/www.fiorenzato.com\/it\/cookie-policy\/\" \/>\n<meta property=\"og:site_name\" content=\"Fiorenzato\" \/>\n<meta property=\"article:publisher\" content=\"https:\/\/www.facebook.com\/Fiorenzatogrinders\/\" \/>\n<meta property=\"article:modified_time\" content=\"2020-10-28T11:09:52+00:00\" \/>\n<meta property=\"og:image\" content=\"https:\/\/www.fiorenzato.com\/wp-content\/uploads\/2020\/10\/policy_cover-1.jpg\" \/>\n\t<meta property=\"og:image:width\" content=\"1280\" \/>\n\t<meta property=\"og:image:height\" content=\"413\" \/>\n\t<meta property=\"og:image:type\" content=\"image\/jpeg\" \/>\n<meta name=\"twitter:card\" content=\"summary_large_image\" \/>\n<meta name=\"twitter:label1\" content=\"Tempo di lettura stimato\" \/>\n\t<meta name=\"twitter:data1\" content=\"8 minuti\" \/>\n<script type=\"application\/ld+json\" class=\"yoast-schema-graph\">{\"@context\":\"https:\/\/schema.org\",\"@graph\":[{\"@type\":\"WebPage\",\"@id\":\"https:\/\/www.fiorenzato.com\/it\/cookie-policy\/\",\"url\":\"https:\/\/www.fiorenzato.com\/it\/cookie-policy\/\",\"name\":\"Cookie Policy | Fiorenzato\",\"isPartOf\":{\"@id\":\"https:\/\/www.fiorenzato.com\/it\/#website\"},\"primaryImageOfPage\":{\"@id\":\"https:\/\/www.fiorenzato.com\/it\/cookie-policy\/#primaryimage\"},\"image\":{\"@id\":\"https:\/\/www.fiorenzato.com\/it\/cookie-policy\/#primaryimage\"},\"thumbnailUrl\":\"https:\/\/www.fiorenzato.com\/wp-content\/uploads\/2020\/10\/policy_cover-1.jpg\",\"datePublished\":\"2020-10-14T08:01:55+00:00\",\"dateModified\":\"2020-10-28T11:09:52+00:00\",\"breadcrumb\":{\"@id\":\"https:\/\/www.fiorenzato.com\/it\/cookie-policy\/#breadcrumb\"},\"inLanguage\":\"it-IT\",\"potentialAction\":[{\"@type\":\"ReadAction\",\"target\":[\"https:\/\/www.fiorenzato.com\/it\/cookie-policy\/\"]}]},{\"@type\":\"ImageObject\",\"inLanguage\":\"it-IT\",\"@id\":\"https:\/\/www.fiorenzato.com\/it\/cookie-policy\/#primaryimage\",\"url\":\"https:\/\/www.fiorenzato.com\/wp-content\/uploads\/2020\/10\/policy_cover-1.jpg\",\"contentUrl\":\"https:\/\/www.fiorenzato.com\/wp-content\/uploads\/2020\/10\/policy_cover-1.jpg\",\"width\":1280,\"height\":413},{\"@type\":\"BreadcrumbList\",\"@id\":\"https:\/\/www.fiorenzato.com\/it\/cookie-policy\/#breadcrumb\",\"itemListElement\":[{\"@type\":\"ListItem\",\"position\":1,\"name\":\"Home\",\"item\":\"https:\/\/www.fiorenzato.com\/it\/\"},{\"@type\":\"ListItem\",\"position\":2,\"name\":\"Cookie policy\"}]},{\"@type\":\"WebSite\",\"@id\":\"https:\/\/www.fiorenzato.com\/it\/#website\",\"url\":\"https:\/\/www.fiorenzato.com\/it\/\",\"name\":\"Fiorenzato\",\"description\":\"La passione per i prodotti incontra l'amore per il caff\u00e8\",\"publisher\":{\"@id\":\"https:\/\/www.fiorenzato.com\/it\/#organization\"},\"potentialAction\":[{\"@type\":\"SearchAction\",\"target\":{\"@type\":\"EntryPoint\",\"urlTemplate\":\"https:\/\/www.fiorenzato.com\/it\/?s={search_term_string}\"},\"query-input\":{\"@type\":\"PropertyValueSpecification\",\"valueRequired\":true,\"valueName\":\"search_term_string\"}}],\"inLanguage\":\"it-IT\"},{\"@type\":\"Organization\",\"@id\":\"https:\/\/www.fiorenzato.com\/it\/#organization\",\"name\":\"Fiorenzato\",\"url\":\"https:\/\/www.fiorenzato.com\/it\/\",\"logo\":{\"@type\":\"ImageObject\",\"inLanguage\":\"it-IT\",\"@id\":\"https:\/\/www.fiorenzato.com\/it\/#\/schema\/logo\/image\/\",\"url\":\"https:\/\/www.fiorenzato.com\/wp-content\/uploads\/2022\/11\/FIOfiorenzato-logo-colore@4x.png\",\"contentUrl\":\"https:\/\/www.fiorenzato.com\/wp-content\/uploads\/2022\/11\/FIOfiorenzato-logo-colore@4x.png\",\"width\":3645,\"height\":965,\"caption\":\"Fiorenzato\"},\"image\":{\"@id\":\"https:\/\/www.fiorenzato.com\/it\/#\/schema\/logo\/image\/\"},\"sameAs\":[\"https:\/\/www.facebook.com\/Fiorenzatogrinders\/\",\"https:\/\/www.instagram.com\/fiorenzato_official\/?hl=it\",\"https:\/\/www.youtube.com\/channel\/UCl0CEwtHIri2QIjLQTVklJw\"]}]}<\/script>\n<!-- \/ Yoast SEO plugin. -->","yoast_head_json":{"title":"Cookie Policy | Fiorenzato","robots":{"index":"index","follow":"follow","max-snippet":"max-snippet:-1","max-image-preview":"max-image-preview:large","max-video-preview":"max-video-preview:-1"},"canonical":"https:\/\/www.fiorenzato.com\/it\/cookie-policy\/","og_locale":"it_IT","og_type":"article","og_title":"Cookie Policy | Fiorenzato","og_description":"I Cookie sono costituiti da porzioni di codice installate all\u2019interno del browser che assistono il Titolare nell\u2019erogazione del Servizio in base alle finalit\u00e0 descritte. Alcune delle finalit\u00e0 di installazione dei Cookie potrebbero, inoltre, necessitare del [&hellip;]","og_url":"https:\/\/www.fiorenzato.com\/it\/cookie-policy\/","og_site_name":"Fiorenzato","article_publisher":"https:\/\/www.facebook.com\/Fiorenzatogrinders\/","article_modified_time":"2020-10-28T11:09:52+00:00","og_image":[{"width":1280,"height":413,"url":"https:\/\/www.fiorenzato.com\/wp-content\/uploads\/2020\/10\/policy_cover-1.jpg","type":"image\/jpeg"}],"twitter_card":"summary_large_image","twitter_misc":{"Tempo di lettura stimato":"8 minuti"},"schema":{"@context":"https:\/\/schema.org","@graph":[{"@type":"WebPage","@id":"https:\/\/www.fiorenzato.com\/it\/cookie-policy\/","url":"https:\/\/www.fiorenzato.com\/it\/cookie-policy\/","name":"Cookie Policy | Fiorenzato","isPartOf":{"@id":"https:\/\/www.fiorenzato.com\/it\/#website"},"primaryImageOfPage":{"@id":"https:\/\/www.fiorenzato.com\/it\/cookie-policy\/#primaryimage"},"image":{"@id":"https:\/\/www.fiorenzato.com\/it\/cookie-policy\/#primaryimage"},"thumbnailUrl":"https:\/\/www.fiorenzato.com\/wp-content\/uploads\/2020\/10\/policy_cover-1.jpg","datePublished":"2020-10-14T08:01:55+00:00","dateModified":"2020-10-28T11:09:52+00:00","breadcrumb":{"@id":"https:\/\/www.fiorenzato.com\/it\/cookie-policy\/#breadcrumb"},"inLanguage":"it-IT","potentialAction":[{"@type":"ReadAction","target":["https:\/\/www.fiorenzato.com\/it\/cookie-policy\/"]}]},{"@type":"ImageObject","inLanguage":"it-IT","@id":"https:\/\/www.fiorenzato.com\/it\/cookie-policy\/#primaryimage","url":"https:\/\/www.fiorenzato.com\/wp-content\/uploads\/2020\/10\/policy_cover-1.jpg","contentUrl":"https:\/\/www.fiorenzato.com\/wp-content\/uploads\/2020\/10\/policy_cover-1.jpg","width":1280,"height":413},{"@type":"BreadcrumbList","@id":"https:\/\/www.fiorenzato.com\/it\/cookie-policy\/#breadcrumb","itemListElement":[{"@type":"ListItem","position":1,"name":"Home","item":"https:\/\/www.fiorenzato.com\/it\/"},{"@type":"ListItem","position":2,"name":"Cookie policy"}]},{"@type":"WebSite","@id":"https:\/\/www.fiorenzato.com\/it\/#website","url":"https:\/\/www.fiorenzato.com\/it\/","name":"Fiorenzato","description":"La passione per i prodotti incontra l'amore per il caff\u00e8","publisher":{"@id":"https:\/\/www.fiorenzato.com\/it\/#organization"},"potentialAction":[{"@type":"SearchAction","target":{"@type":"EntryPoint","urlTemplate":"https:\/\/www.fiorenzato.com\/it\/?s={search_term_string}"},"query-input":{"@type":"PropertyValueSpecification","valueRequired":true,"valueName":"search_term_string"}}],"inLanguage":"it-IT"},{"@type":"Organization","@id":"https:\/\/www.fiorenzato.com\/it\/#organization","name":"Fiorenzato","url":"https:\/\/www.fiorenzato.com\/it\/","logo":{"@type":"ImageObject","inLanguage":"it-IT","@id":"https:\/\/www.fiorenzato.com\/it\/#\/schema\/logo\/image\/","url":"https:\/\/www.fiorenzato.com\/wp-content\/uploads\/2022\/11\/FIOfiorenzato-logo-colore@4x.png","contentUrl":"https:\/\/www.fiorenzato.com\/wp-content\/uploads\/2022\/11\/FIOfiorenzato-logo-colore@4x.png","width":3645,"height":965,"caption":"Fiorenzato"},"image":{"@id":"https:\/\/www.fiorenzato.com\/it\/#\/schema\/logo\/image\/"},"sameAs":["https:\/\/www.facebook.com\/Fiorenzatogrinders\/","https:\/\/www.instagram.com\/fiorenzato_official\/?hl=it","https:\/\/www.youtube.com\/channel\/UCl0CEwtHIri2QIjLQTVklJw"]}]}},"_links":{"self":[{"href":"https:\/\/www.fiorenzato.com\/it\/wp-json\/wp\/v2\/pages\/239","targetHints":{"allow":["GET"]}}],"collection":[{"href":"https:\/\/www.fiorenzato.com\/it\/wp-json\/wp\/v2\/pages"}],"about":[{"href":"https:\/\/www.fiorenzato.com\/it\/wp-json\/wp\/v2\/types\/page"}],"author":[{"embeddable":true,"href":"https:\/\/www.fiorenzato.com\/it\/wp-json\/wp\/v2\/users\/1"}],"replies":[{"embeddable":true,"href":"https:\/\/www.fiorenzato.com\/it\/wp-json\/wp\/v2\/comments?post=239"}],"version-history":[{"count":3,"href":"https:\/\/www.fiorenzato.com\/it\/wp-json\/wp\/v2\/pages\/239\/revisions"}],"predecessor-version":[{"id":1073,"href":"https:\/\/www.fiorenzato.com\/it\/wp-json\/wp\/v2\/pages\/239\/revisions\/1073"}],"wp:featuredmedia":[{"embeddable":true,"href":"https:\/\/www.fiorenzato.com\/it\/wp-json\/wp\/v2\/media\/233"}],"wp:attachment":[{"href":"https:\/\/www.fiorenzato.com\/it\/wp-json\/wp\/v2\/media?parent=239"}],"curies":[{"name":"wp","href":"https:\/\/api.w.org\/{rel}","templated":true}]}}