{"id":70,"date":"2020-10-07T11:35:26","date_gmt":"2020-10-07T09:35:26","guid":{"rendered":"https:\/\/www.dev-fiorenzato-20.bebit.it\/?page_id=70"},"modified":"2026-01-13T17:29:50","modified_gmt":"2026-01-13T16:29:50","slug":"qualita","status":"publish","type":"page","link":"https:\/\/www.fiorenzato.com\/it\/qualita\/","title":{"rendered":"La nostra filiera,<br>la tua qualit\u00e0"},"content":{"rendered":"","protected":false},"excerpt":{"rendered":"","protected":false},"author":1,"featured_media":24214,"parent":0,"menu_order":0,"comment_status":"closed","ping_status":"closed","template":"pageQualita.php","meta":{"_acf_changed":false,"footnotes":""},"class_list":["post-70","page","type-page","status-publish","has-post-thumbnail","hentry"],"acf":[],"yoast_head":"<!-- This site is optimized with the Yoast SEO plugin v26.2 - https:\/\/yoast.com\/wordpress\/plugins\/seo\/ -->\n<title>Qualit\u00e0 | Fiorenzato<\/title>\n<meta name=\"description\" content=\"Scopri la filiera produttiva Fiorenzato: un processo interno all\u2019azienda per garantire controllo, sostenibilit\u00e0 e qualit\u00e0 assoluta in ogni macinacaff\u00e8 professionale.\" \/>\n<meta name=\"robots\" content=\"index, follow, max-snippet:-1, max-image-preview:large, max-video-preview:-1\" \/>\n<link rel=\"canonical\" href=\"https:\/\/www.fiorenzato.com\/it\/qualita\/\" \/>\n<meta property=\"og:locale\" content=\"it_IT\" \/>\n<meta property=\"og:type\" content=\"article\" \/>\n<meta property=\"og:title\" content=\"Qualit\u00e0 | Fiorenzato\" \/>\n<meta property=\"og:description\" content=\"Scopri la filiera produttiva Fiorenzato: un processo interno all\u2019azienda per garantire controllo, sostenibilit\u00e0 e qualit\u00e0 assoluta in ogni macinacaff\u00e8 professionale.\" \/>\n<meta property=\"og:url\" content=\"https:\/\/www.fiorenzato.com\/it\/qualita\/\" \/>\n<meta property=\"og:site_name\" content=\"Fiorenzato\" \/>\n<meta property=\"article:publisher\" content=\"https:\/\/www.facebook.com\/Fiorenzatogrinders\/\" \/>\n<meta property=\"article:modified_time\" content=\"2026-01-13T16:29:50+00:00\" \/>\n<meta property=\"og:image\" content=\"https:\/\/www.fiorenzato.com\/wp-content\/uploads\/2025\/09\/Header-qualita-FR.jpg\" \/>\n\t<meta property=\"og:image:width\" content=\"1920\" \/>\n\t<meta property=\"og:image:height\" content=\"1281\" \/>\n\t<meta property=\"og:image:type\" content=\"image\/jpeg\" \/>\n<meta name=\"twitter:card\" content=\"summary_large_image\" \/>\n<meta name=\"twitter:label1\" content=\"Tempo di lettura stimato\" \/>\n\t<meta name=\"twitter:data1\" content=\"1 minuto\" \/>\n<script type=\"application\/ld+json\" class=\"yoast-schema-graph\">{\"@context\":\"https:\/\/schema.org\",\"@graph\":[{\"@type\":\"WebPage\",\"@id\":\"https:\/\/www.fiorenzato.com\/it\/qualita\/\",\"url\":\"https:\/\/www.fiorenzato.com\/it\/qualita\/\",\"name\":\"Qualit\u00e0 | Fiorenzato\",\"isPartOf\":{\"@id\":\"https:\/\/www.fiorenzato.com\/it\/#website\"},\"primaryImageOfPage\":{\"@id\":\"https:\/\/www.fiorenzato.com\/it\/qualita\/#primaryimage\"},\"image\":{\"@id\":\"https:\/\/www.fiorenzato.com\/it\/qualita\/#primaryimage\"},\"thumbnailUrl\":\"https:\/\/www.fiorenzato.com\/wp-content\/uploads\/2025\/09\/Header-qualita-FR.jpg\",\"datePublished\":\"2020-10-07T09:35:26+00:00\",\"dateModified\":\"2026-01-13T16:29:50+00:00\",\"description\":\"Scopri la filiera produttiva Fiorenzato: un processo interno all\u2019azienda per garantire controllo, sostenibilit\u00e0 e qualit\u00e0 assoluta in ogni macinacaff\u00e8 professionale.\",\"breadcrumb\":{\"@id\":\"https:\/\/www.fiorenzato.com\/it\/qualita\/#breadcrumb\"},\"inLanguage\":\"it-IT\",\"potentialAction\":[{\"@type\":\"ReadAction\",\"target\":[\"https:\/\/www.fiorenzato.com\/it\/qualita\/\"]}]},{\"@type\":\"ImageObject\",\"inLanguage\":\"it-IT\",\"@id\":\"https:\/\/www.fiorenzato.com\/it\/qualita\/#primaryimage\",\"url\":\"https:\/\/www.fiorenzato.com\/wp-content\/uploads\/2025\/09\/Header-qualita-FR.jpg\",\"contentUrl\":\"https:\/\/www.fiorenzato.com\/wp-content\/uploads\/2025\/09\/Header-qualita-FR.jpg\",\"width\":1920,\"height\":1281},{\"@type\":\"BreadcrumbList\",\"@id\":\"https:\/\/www.fiorenzato.com\/it\/qualita\/#breadcrumb\",\"itemListElement\":[{\"@type\":\"ListItem\",\"position\":1,\"name\":\"Home\",\"item\":\"https:\/\/www.fiorenzato.com\/it\/\"},{\"@type\":\"ListItem\",\"position\":2,\"name\":\"La nostra filiera,la tua qualit\u00e0\"}]},{\"@type\":\"WebSite\",\"@id\":\"https:\/\/www.fiorenzato.com\/it\/#website\",\"url\":\"https:\/\/www.fiorenzato.com\/it\/\",\"name\":\"Fiorenzato\",\"description\":\"La passione per i prodotti incontra l'amore per il caff\u00e8\",\"publisher\":{\"@id\":\"https:\/\/www.fiorenzato.com\/it\/#organization\"},\"potentialAction\":[{\"@type\":\"SearchAction\",\"target\":{\"@type\":\"EntryPoint\",\"urlTemplate\":\"https:\/\/www.fiorenzato.com\/it\/?s={search_term_string}\"},\"query-input\":{\"@type\":\"PropertyValueSpecification\",\"valueRequired\":true,\"valueName\":\"search_term_string\"}}],\"inLanguage\":\"it-IT\"},{\"@type\":\"Organization\",\"@id\":\"https:\/\/www.fiorenzato.com\/it\/#organization\",\"name\":\"Fiorenzato\",\"url\":\"https:\/\/www.fiorenzato.com\/it\/\",\"logo\":{\"@type\":\"ImageObject\",\"inLanguage\":\"it-IT\",\"@id\":\"https:\/\/www.fiorenzato.com\/it\/#\/schema\/logo\/image\/\",\"url\":\"https:\/\/www.fiorenzato.com\/wp-content\/uploads\/2022\/11\/FIOfiorenzato-logo-colore@4x.png\",\"contentUrl\":\"https:\/\/www.fiorenzato.com\/wp-content\/uploads\/2022\/11\/FIOfiorenzato-logo-colore@4x.png\",\"width\":3645,\"height\":965,\"caption\":\"Fiorenzato\"},\"image\":{\"@id\":\"https:\/\/www.fiorenzato.com\/it\/#\/schema\/logo\/image\/\"},\"sameAs\":[\"https:\/\/www.facebook.com\/Fiorenzatogrinders\/\",\"https:\/\/www.instagram.com\/fiorenzato_official\/?hl=it\",\"https:\/\/www.youtube.com\/channel\/UCl0CEwtHIri2QIjLQTVklJw\"]}]}<\/script>\n<!-- \/ Yoast SEO plugin. -->","yoast_head_json":{"title":"Qualit\u00e0 | Fiorenzato","description":"Scopri la filiera produttiva Fiorenzato: un processo interno all\u2019azienda per garantire controllo, sostenibilit\u00e0 e qualit\u00e0 assoluta in ogni macinacaff\u00e8 professionale.","robots":{"index":"index","follow":"follow","max-snippet":"max-snippet:-1","max-image-preview":"max-image-preview:large","max-video-preview":"max-video-preview:-1"},"canonical":"https:\/\/www.fiorenzato.com\/it\/qualita\/","og_locale":"it_IT","og_type":"article","og_title":"Qualit\u00e0 | Fiorenzato","og_description":"Scopri la filiera produttiva Fiorenzato: un processo interno all\u2019azienda per garantire controllo, sostenibilit\u00e0 e qualit\u00e0 assoluta in ogni macinacaff\u00e8 professionale.","og_url":"https:\/\/www.fiorenzato.com\/it\/qualita\/","og_site_name":"Fiorenzato","article_publisher":"https:\/\/www.facebook.com\/Fiorenzatogrinders\/","article_modified_time":"2026-01-13T16:29:50+00:00","og_image":[{"width":1920,"height":1281,"url":"https:\/\/www.fiorenzato.com\/wp-content\/uploads\/2025\/09\/Header-qualita-FR.jpg","type":"image\/jpeg"}],"twitter_card":"summary_large_image","twitter_misc":{"Tempo di lettura stimato":"1 minuto"},"schema":{"@context":"https:\/\/schema.org","@graph":[{"@type":"WebPage","@id":"https:\/\/www.fiorenzato.com\/it\/qualita\/","url":"https:\/\/www.fiorenzato.com\/it\/qualita\/","name":"Qualit\u00e0 | Fiorenzato","isPartOf":{"@id":"https:\/\/www.fiorenzato.com\/it\/#website"},"primaryImageOfPage":{"@id":"https:\/\/www.fiorenzato.com\/it\/qualita\/#primaryimage"},"image":{"@id":"https:\/\/www.fiorenzato.com\/it\/qualita\/#primaryimage"},"thumbnailUrl":"https:\/\/www.fiorenzato.com\/wp-content\/uploads\/2025\/09\/Header-qualita-FR.jpg","datePublished":"2020-10-07T09:35:26+00:00","dateModified":"2026-01-13T16:29:50+00:00","description":"Scopri la filiera produttiva Fiorenzato: un processo interno all\u2019azienda per garantire controllo, sostenibilit\u00e0 e qualit\u00e0 assoluta in ogni macinacaff\u00e8 professionale.","breadcrumb":{"@id":"https:\/\/www.fiorenzato.com\/it\/qualita\/#breadcrumb"},"inLanguage":"it-IT","potentialAction":[{"@type":"ReadAction","target":["https:\/\/www.fiorenzato.com\/it\/qualita\/"]}]},{"@type":"ImageObject","inLanguage":"it-IT","@id":"https:\/\/www.fiorenzato.com\/it\/qualita\/#primaryimage","url":"https:\/\/www.fiorenzato.com\/wp-content\/uploads\/2025\/09\/Header-qualita-FR.jpg","contentUrl":"https:\/\/www.fiorenzato.com\/wp-content\/uploads\/2025\/09\/Header-qualita-FR.jpg","width":1920,"height":1281},{"@type":"BreadcrumbList","@id":"https:\/\/www.fiorenzato.com\/it\/qualita\/#breadcrumb","itemListElement":[{"@type":"ListItem","position":1,"name":"Home","item":"https:\/\/www.fiorenzato.com\/it\/"},{"@type":"ListItem","position":2,"name":"La nostra filiera,la tua qualit\u00e0"}]},{"@type":"WebSite","@id":"https:\/\/www.fiorenzato.com\/it\/#website","url":"https:\/\/www.fiorenzato.com\/it\/","name":"Fiorenzato","description":"La passione per i prodotti incontra l'amore per il caff\u00e8","publisher":{"@id":"https:\/\/www.fiorenzato.com\/it\/#organization"},"potentialAction":[{"@type":"SearchAction","target":{"@type":"EntryPoint","urlTemplate":"https:\/\/www.fiorenzato.com\/it\/?s={search_term_string}"},"query-input":{"@type":"PropertyValueSpecification","valueRequired":true,"valueName":"search_term_string"}}],"inLanguage":"it-IT"},{"@type":"Organization","@id":"https:\/\/www.fiorenzato.com\/it\/#organization","name":"Fiorenzato","url":"https:\/\/www.fiorenzato.com\/it\/","logo":{"@type":"ImageObject","inLanguage":"it-IT","@id":"https:\/\/www.fiorenzato.com\/it\/#\/schema\/logo\/image\/","url":"https:\/\/www.fiorenzato.com\/wp-content\/uploads\/2022\/11\/FIOfiorenzato-logo-colore@4x.png","contentUrl":"https:\/\/www.fiorenzato.com\/wp-content\/uploads\/2022\/11\/FIOfiorenzato-logo-colore@4x.png","width":3645,"height":965,"caption":"Fiorenzato"},"image":{"@id":"https:\/\/www.fiorenzato.com\/it\/#\/schema\/logo\/image\/"},"sameAs":["https:\/\/www.facebook.com\/Fiorenzatogrinders\/","https:\/\/www.instagram.com\/fiorenzato_official\/?hl=it","https:\/\/www.youtube.com\/channel\/UCl0CEwtHIri2QIjLQTVklJw"]}]}},"_links":{"self":[{"href":"https:\/\/www.fiorenzato.com\/it\/wp-json\/wp\/v2\/pages\/70","targetHints":{"allow":["GET"]}}],"collection":[{"href":"https:\/\/www.fiorenzato.com\/it\/wp-json\/wp\/v2\/pages"}],"about":[{"href":"https:\/\/www.fiorenzato.com\/it\/wp-json\/wp\/v2\/types\/page"}],"author":[{"embeddable":true,"href":"https:\/\/www.fiorenzato.com\/it\/wp-json\/wp\/v2\/users\/1"}],"replies":[{"embeddable":true,"href":"https:\/\/www.fiorenzato.com\/it\/wp-json\/wp\/v2\/comments?post=70"}],"version-history":[{"count":63,"href":"https:\/\/www.fiorenzato.com\/it\/wp-json\/wp\/v2\/pages\/70\/revisions"}],"predecessor-version":[{"id":25550,"href":"https:\/\/www.fiorenzato.com\/it\/wp-json\/wp\/v2\/pages\/70\/revisions\/25550"}],"wp:featuredmedia":[{"embeddable":true,"href":"https:\/\/www.fiorenzato.com\/it\/wp-json\/wp\/v2\/media\/24214"}],"wp:attachment":[{"href":"https:\/\/www.fiorenzato.com\/it\/wp-json\/wp\/v2\/media?parent=70"}],"curies":[{"name":"wp","href":"https:\/\/api.w.org\/{rel}","templated":true}]}}